{"id":643,"date":"2016-08-09T15:40:56","date_gmt":"2016-08-09T13:40:56","guid":{"rendered":"https:\/\/www.jobmaniac.nl\/voorbeeld-pagina\/"},"modified":"2018-02-07T09:20:49","modified_gmt":"2018-02-07T08:20:49","slug":"voorbeeld-pagina","status":"publish","type":"page","link":"https:\/\/www.jobmaniac.nl\/ro\/","title":{"rendered":"Cau\u021bi un loc de munc\u0103?"},"content":{"rendered":"<p class=\"inleiding\">Dac\u0103 nu ai un loc de munc\u0103 sau contractul t\u0103u de munc\u0103 a expirat, dac\u0103 vrei s\u0103 te implici \u00een activit\u0103\u021bi profesionale mai diverse sau dac\u0103 e\u0219ti \u00een c\u0103utarea sus\u021binerii \u0219i caracterului potrivite, atunci ai venit unde trebuie.<\/p>\n<p>Calitatea \u0219i caracterul sunt punctele noastre forte. \u00cen calitate de intermediar \u00eentre angajatori \u0219i angaja\u021bi, modul nostru de lucru se bazeaz\u0103 pe onestitate \u0219i transparen\u021b\u0103, ca principii fundamentale.<\/p>\n<p>Discut\u0103m personal despre nevoile \u0219i dorin\u021bele tale, iar persoana ta de contact din cadrul echipei JobManiac folose\u0219te aceste informa\u021bii pentru a stabili, \u00eempreun\u0103 cu tine, tipul de activitate care corespunde cel mai bine cerin\u021belor \u0219i a\u0219tept\u0103rilor tale.<\/p>\n<span class=\"collapseomatic \" id=\"id69d60c6c6e241\"  tabindex=\"0\" title=\"Cite\u0219te mai departe\"    >Cite\u0219te mai departe<\/span><div id=\"target-id69d60c6c6e241\" class=\"collapseomatic_content \"><p>Dup\u0103 acest interviu ini\u021bial, \u00eencepem imediat s\u0103 c\u0103ut\u0103m noul job \u0219i angajatorul potrivit pentru tine! Aceast\u0103 metod\u0103 permite p\u0103strarea unei rela\u021bii amicale \u0219i pl\u0103cute \u00eentre angajatori \u0219i angaja\u021bi, acesta fiind, la urma urmei, obiectivul comun al tuturor.<\/p>\n<p>JobManiac te poate ajuta s\u0103 \u00ee\u021bi g\u0103se\u0219ti de lucru \u00een diverse domenii de activitate:<\/p>\n<ul>\n<li>Terasamente, construc\u021bii de drumuri \u0219i inginerie hidraulic\u0103<\/li>\n<li>Lucr\u0103ri de structur\u0103, construc\u021bii noi, finisaje \u0219i renov\u0103ri<\/li>\n<li>\u00centre\u021binerea \u0219i amenajarea spa\u021biilor verzi<\/li>\n<li>Sectorul industrial<\/li>\n<li>Tehnologie \u0219i metalurgie<\/li>\n<\/ul>\n<p>Dac\u0103 postul pe care l-ai ob\u021binut nu corespunde cerin\u021belor tale, vom discuta cu clientul \u0219i vom \u00eencepe imediat s\u0103 \u00ee\u021bi c\u0103ut\u0103m un alt job!<\/p>\n<p>De ce s\u0103 lucrezi cu JobManiac?<\/p>\n<ul>\n<li>Personalitatea noastr\u0103<\/li>\n<li>Un punct de contact unic<\/li>\n<li>Disponibilitate 24 de ore pe zi<\/li>\n<li>Garan\u021bia c\u0103 vei g\u0103si rapid un loc de munc\u0103<\/li>\n<li>Clien\u021bi de cel mai \u00eenalt nivel<\/li>\n<li>Mod de lucru transparent<\/li>\n<li>Abordare direct\u0103, proactiv\u0103<\/li>\n<\/ul>\n<p>Adaug\u0103-\u021bi abilit\u0103\u021bile la echipa noastr\u0103 \u0219i<br \/>\n<a href=\"https:\/\/www.jobmaniac.nl\/contact\/?lang=ro\"><strong>contacteaz\u0103-ne<\/strong><\/a> acum!<\/p>\n<\/div>\n<p>&nbsp;<\/p>\n<div class=\"clear\"><\/div>\n<h1>Cau\u021bi angaja\u021bii productivi \u0219i flexibili potrivi\u021bi pentru firma ta?<\/h1>\n<p>Perioadele cu activitate maxim\u0103 \u0219i minim\u0103 alterneaz\u0103 \u00een activitatea de produc\u021bie sau concediul de boal\u0103 al unui angajat \u00ee\u021bi creeaz\u0103 probleme? Atunci ai nevoie de solu\u021bia potrivit\u0103.<\/p>\n<p>Este important s\u0103 \u00een\u021belegem bine care sunt cerin\u021bele \u0219i a\u0219tept\u0103rile clien\u021bilor no\u0219tri. De aceea, ne-ar face pl\u0103cere s\u0103 \u00ee\u021bi facem o vizit\u0103 la firm\u0103 pentru a-\u021bi cunoa\u0219te mai bine organiza\u021bia \u0219i a discuta despre cerin\u021bele tale specifice.<\/p>\n<p>Procedura succint\u0103 pe care o urm\u0103m \u00een cadrul acestei discu\u021bii ne permite s\u0103 identific\u0103m rapid candidatul potrivit de care ai nevoie. Totu\u0219i, nu este nicio problem\u0103 dac\u0103 ai o cerere urgent\u0103 \u0219i avem timp s\u0103 parcurgem aceast\u0103 procedur\u0103: membrii echipei JobManiac sunt disponibili nonstop \u0219i se pot deplasa la firma ta \u00een cel mai scurt timp posibil.<\/p>\n<span class=\"collapseomatic \" id=\"id69d60c6c6f2d5\"  tabindex=\"0\" title=\"Cite\u0219te mai departe\"    >Cite\u0219te mai departe<\/span><div id=\"target-id69d60c6c6f2d5\" class=\"collapseomatic_content \"><p>Procedur\u0103:<br \/>\nCu clientul:<\/p>\n<ul>\n<li>Cunoa\u0219te-\u021bi compania<\/li>\n<li>\u00centocme\u0219te o list\u0103 cu cerin\u021bele\/a\u0219tept\u0103rile tale<\/li>\n<\/ul>\n<p>JobManiac B.V.:<\/p>\n<ul>\n<li>Proces solid \u0219i strict de selec\u021bie \u0219i recrutare de personal<\/li>\n<li>Sugestii propuse clientului<\/li>\n<li>Ocuparea for\u021bei de munc\u0103<\/li>\n<li>Prelucrare administrativ\u0103 (Back-office)<\/li>\n<\/ul>\n<p>JobManiac asigur\u0103 ocuparea for\u021bei de munc\u0103 \u00een cele mai mici detalii. To\u021bi angaja\u021bii no\u0219tri au acces la mijloacele de transport, echipamentele \u0219i hainele de lucru necesare \u0219i, desigur, posed\u0103 nivelul de expertiz\u0103 indispensabil. Siguran\u021ba este, de asemenea, esen\u021bial\u0103 \u00een cadrul JobManiac. Personalul nostru poart\u0103, \u00een toate cazurile, echipamente de protec\u021bie personal\u0103, astfel c\u0103 tu, \u00een calitate de angajator, nu mai ai nicio grij\u0103 \u00een aceast\u0103 privin\u021b\u0103.<\/p>\n<p>JobManiac furnizeaz\u0103 personal \u00een diverse domenii de activitate:<\/p>\n<ul>\n<li>Terasamente, construc\u021bii de drumuri \u0219i inginerie hidraulic\u0103<\/li>\n<li>Lucr\u0103ri de structur\u0103, construc\u021bii noi, finisaje \u0219i renov\u0103ri<\/li>\n<li>\u00centre\u021binerea \u0219i amenajarea spa\u021biilor verzi<\/li>\n<li>Sectorul industrial<\/li>\n<li>Tehnologie \u0219i metalurgie<\/li>\n<\/ul>\n<p>Avem \u00eencredere total\u0103 \u00een personalul nostru, gra\u021bie procesului nostru solid \u0219i strict de selec\u021bie \u0219i recrutare. Totu\u0219i, \u00een cazul \u00een care candidatul se dovede\u0219te a fi nepotrivit pentru firma ta, vom fi bucuro\u0219i s\u0103 c\u0103ut\u0103m \u00een continuare persoana potrivit\u0103 care s\u0103 se al\u0103ture echipei tale!<\/p>\n<p>Care sunt atuurile care confer\u0103 unicitate agen\u021biei JobManiac?<\/p>\n<ul>\n<li>Personalitatea noastr\u0103<\/li>\n<li>Un punct de contact unic<\/li>\n<li>Disponibilitate 24 de ore pe zi<\/li>\n<li>Garan\u021bia c\u0103 vei g\u0103si foarte rapid personalul de care ai nevoie<\/li>\n<li>Profesioni\u0219ti de cel mai \u00eenalt nivel<\/li>\n<li>Mod de lucru transparent<\/li>\n<li>Abordare direct\u0103, proactiv\u0103<\/li>\n<\/ul>\n<p>Dac\u0103 asta cau\u021bi,\u00a0<a href=\"https:\/\/www.jobmaniac.nl\/contact\/?lang=ro\"><strong>contacteaz\u0103-ne<\/strong><\/a> acum!<\/p>\n<\/div>\n","protected":false},"excerpt":{"rendered":"<p>Calitatea \u0219i caracterul sunt punctele noastre forte. \u00cen calitate de intermediar \u00eentre angajatori \u0219i angaja\u021bi, modul nostru de lucru se bazeaz\u0103 pe onestitate \u0219i transparen\u021b\u0103, ca principii fundamentale. Discut\u0103m personal despre nevoile \u0219i dorin\u021bele tale, iar persoana ta de contact din cadrul echipei JobManiac folose\u0219te aceste informa\u021bii pentru a stabili, \u00eempreun\u0103 cu tine, tipul de [&hellip;]<\/p>\n","protected":false},"author":1,"featured_media":0,"parent":0,"menu_order":0,"comment_status":"closed","ping_status":"closed","template":"","meta":{"_acf_changed":false,"footnotes":""},"class_list":["post-643","page","type-page","status-publish","hentry"],"acf":[],"yoast_head":"<!-- This site is optimized with the Yoast SEO plugin v24.6 - https:\/\/yoast.com\/wordpress\/plugins\/seo\/ -->\n<title>Cau\u021bi un loc de munc\u0103? - JobManiac<\/title>\n<meta name=\"description\" content=\"Informatie over\" \/>\n<meta name=\"robots\" content=\"index, follow, max-snippet:-1, max-image-preview:large, max-video-preview:-1\" \/>\n<link rel=\"canonical\" href=\"https:\/\/www.jobmaniac.nl\/ro\/\" \/>\n<meta property=\"og:locale\" content=\"ro_RO\" \/>\n<meta property=\"og:type\" content=\"article\" \/>\n<meta property=\"og:title\" content=\"Cau\u021bi un loc de munc\u0103? - JobManiac\" \/>\n<meta property=\"og:description\" content=\"Informatie over\" \/>\n<meta property=\"og:url\" content=\"https:\/\/www.jobmaniac.nl\/ro\/\" \/>\n<meta property=\"og:site_name\" content=\"JobManiac\" \/>\n<meta property=\"article:publisher\" content=\"https:\/\/www.facebook.com\/jobmaniac\/\" \/>\n<meta property=\"article:modified_time\" content=\"2018-02-07T08:20:49+00:00\" \/>\n<meta name=\"twitter:card\" content=\"summary_large_image\" \/>\n<meta name=\"twitter:label1\" content=\"Timp estimat pentru citire\" \/>\n\t<meta name=\"twitter:data1\" content=\"4 minute\" \/>\n<script type=\"application\/ld+json\" class=\"yoast-schema-graph\">{\"@context\":\"https:\/\/schema.org\",\"@graph\":[{\"@type\":\"WebPage\",\"@id\":\"https:\/\/www.jobmaniac.nl\/ro\/\",\"url\":\"https:\/\/www.jobmaniac.nl\/ro\/\",\"name\":\"Cau\u021bi un loc de munc\u0103? - JobManiac\",\"isPartOf\":{\"@id\":\"https:\/\/www.jobmaniac.nl\/#website\"},\"datePublished\":\"2016-08-09T13:40:56+00:00\",\"dateModified\":\"2018-02-07T08:20:49+00:00\",\"description\":\"Informatie over\",\"breadcrumb\":{\"@id\":\"https:\/\/www.jobmaniac.nl\/ro\/#breadcrumb\"},\"inLanguage\":\"ro-RO\",\"potentialAction\":[{\"@type\":\"ReadAction\",\"target\":[\"https:\/\/www.jobmaniac.nl\/ro\/\"]}]},{\"@type\":\"BreadcrumbList\",\"@id\":\"https:\/\/www.jobmaniac.nl\/ro\/#breadcrumb\",\"itemListElement\":[{\"@type\":\"ListItem\",\"position\":1,\"name\":\"Home\",\"item\":\"https:\/\/www.jobmaniac.nl\/ro\/\"},{\"@type\":\"ListItem\",\"position\":2,\"name\":\"Cau\u021bi un loc de munc\u0103?\"}]},{\"@type\":\"WebSite\",\"@id\":\"https:\/\/www.jobmaniac.nl\/#website\",\"url\":\"https:\/\/www.jobmaniac.nl\/\",\"name\":\"JobManiac\",\"description\":\"\",\"publisher\":{\"@id\":\"https:\/\/www.jobmaniac.nl\/#organization\"},\"potentialAction\":[{\"@type\":\"SearchAction\",\"target\":{\"@type\":\"EntryPoint\",\"urlTemplate\":\"https:\/\/www.jobmaniac.nl\/?s={search_term_string}\"},\"query-input\":{\"@type\":\"PropertyValueSpecification\",\"valueRequired\":true,\"valueName\":\"search_term_string\"}}],\"inLanguage\":\"ro-RO\"},{\"@type\":\"Organization\",\"@id\":\"https:\/\/www.jobmaniac.nl\/#organization\",\"name\":\"JobManiac B.V.\",\"url\":\"https:\/\/www.jobmaniac.nl\/\",\"logo\":{\"@type\":\"ImageObject\",\"inLanguage\":\"ro-RO\",\"@id\":\"https:\/\/www.jobmaniac.nl\/#\/schema\/logo\/image\/\",\"url\":\"\",\"contentUrl\":\"\",\"caption\":\"JobManiac B.V.\"},\"image\":{\"@id\":\"https:\/\/www.jobmaniac.nl\/#\/schema\/logo\/image\/\"},\"sameAs\":[\"https:\/\/www.facebook.com\/jobmaniac\/\",\"https:\/\/www.linkedin.com\/company\/jobmaniac-b-v-\"]}]}<\/script>\n<!-- \/ Yoast SEO plugin. -->","yoast_head_json":{"title":"Cau\u021bi un loc de munc\u0103? - JobManiac","description":"Informatie over","robots":{"index":"index","follow":"follow","max-snippet":"max-snippet:-1","max-image-preview":"max-image-preview:large","max-video-preview":"max-video-preview:-1"},"canonical":"https:\/\/www.jobmaniac.nl\/ro\/","og_locale":"ro_RO","og_type":"article","og_title":"Cau\u021bi un loc de munc\u0103? - JobManiac","og_description":"Informatie over","og_url":"https:\/\/www.jobmaniac.nl\/ro\/","og_site_name":"JobManiac","article_publisher":"https:\/\/www.facebook.com\/jobmaniac\/","article_modified_time":"2018-02-07T08:20:49+00:00","twitter_card":"summary_large_image","twitter_misc":{"Timp estimat pentru citire":"4 minute"},"schema":{"@context":"https:\/\/schema.org","@graph":[{"@type":"WebPage","@id":"https:\/\/www.jobmaniac.nl\/ro\/","url":"https:\/\/www.jobmaniac.nl\/ro\/","name":"Cau\u021bi un loc de munc\u0103? - JobManiac","isPartOf":{"@id":"https:\/\/www.jobmaniac.nl\/#website"},"datePublished":"2016-08-09T13:40:56+00:00","dateModified":"2018-02-07T08:20:49+00:00","description":"Informatie over","breadcrumb":{"@id":"https:\/\/www.jobmaniac.nl\/ro\/#breadcrumb"},"inLanguage":"ro-RO","potentialAction":[{"@type":"ReadAction","target":["https:\/\/www.jobmaniac.nl\/ro\/"]}]},{"@type":"BreadcrumbList","@id":"https:\/\/www.jobmaniac.nl\/ro\/#breadcrumb","itemListElement":[{"@type":"ListItem","position":1,"name":"Home","item":"https:\/\/www.jobmaniac.nl\/ro\/"},{"@type":"ListItem","position":2,"name":"Cau\u021bi un loc de munc\u0103?"}]},{"@type":"WebSite","@id":"https:\/\/www.jobmaniac.nl\/#website","url":"https:\/\/www.jobmaniac.nl\/","name":"JobManiac","description":"","publisher":{"@id":"https:\/\/www.jobmaniac.nl\/#organization"},"potentialAction":[{"@type":"SearchAction","target":{"@type":"EntryPoint","urlTemplate":"https:\/\/www.jobmaniac.nl\/?s={search_term_string}"},"query-input":{"@type":"PropertyValueSpecification","valueRequired":true,"valueName":"search_term_string"}}],"inLanguage":"ro-RO"},{"@type":"Organization","@id":"https:\/\/www.jobmaniac.nl\/#organization","name":"JobManiac B.V.","url":"https:\/\/www.jobmaniac.nl\/","logo":{"@type":"ImageObject","inLanguage":"ro-RO","@id":"https:\/\/www.jobmaniac.nl\/#\/schema\/logo\/image\/","url":"","contentUrl":"","caption":"JobManiac B.V."},"image":{"@id":"https:\/\/www.jobmaniac.nl\/#\/schema\/logo\/image\/"},"sameAs":["https:\/\/www.facebook.com\/jobmaniac\/","https:\/\/www.linkedin.com\/company\/jobmaniac-b-v-"]}]}},"_links":{"self":[{"href":"https:\/\/www.jobmaniac.nl\/ro\/wp-json\/wp\/v2\/pages\/643","targetHints":{"allow":["GET"]}}],"collection":[{"href":"https:\/\/www.jobmaniac.nl\/ro\/wp-json\/wp\/v2\/pages"}],"about":[{"href":"https:\/\/www.jobmaniac.nl\/ro\/wp-json\/wp\/v2\/types\/page"}],"author":[{"embeddable":true,"href":"https:\/\/www.jobmaniac.nl\/ro\/wp-json\/wp\/v2\/users\/1"}],"replies":[{"embeddable":true,"href":"https:\/\/www.jobmaniac.nl\/ro\/wp-json\/wp\/v2\/comments?post=643"}],"version-history":[{"count":4,"href":"https:\/\/www.jobmaniac.nl\/ro\/wp-json\/wp\/v2\/pages\/643\/revisions"}],"predecessor-version":[{"id":959,"href":"https:\/\/www.jobmaniac.nl\/ro\/wp-json\/wp\/v2\/pages\/643\/revisions\/959"}],"wp:attachment":[{"href":"https:\/\/www.jobmaniac.nl\/ro\/wp-json\/wp\/v2\/media?parent=643"}],"curies":[{"name":"wp","href":"https:\/\/api.w.org\/{rel}","templated":true}]}}