{"id":623,"date":"2016-08-10T10:48:04","date_gmt":"2016-08-10T08:48:04","guid":{"rendered":"https:\/\/www.jobmaniac.nl\/ons-team\/"},"modified":"2025-09-08T14:30:32","modified_gmt":"2025-09-08T12:30:32","slug":"ons-team","status":"publish","type":"page","link":"https:\/\/www.jobmaniac.nl\/ro\/ons-team\/","title":{"rendered":"Echipa noastr\u0103"},"content":{"rendered":"<p>JobManiac este o agen\u021bie de recrutare \u0219i deta\u0219are de personal, cu o echip\u0103 t\u00e2n\u0103r\u0103 \u0219i dinamic\u0103, ce opereaz\u0103 la nivel na\u021bional \u0219i regional. \u00cenfiin\u021bat\u0103 la 25 octombrie 2012 de Willem Faasse, care dorea s\u0103 \u00ee\u0219i aduc\u0103 propria contribu\u021bie la pia\u021ba de munc\u0103 olandez\u0103, compania a devenit un juc\u0103tor important pe pie\u021bele de angajare temporar\u0103 \u0219i de deta\u0219are a angaja\u021bilor.<\/p>\n","protected":false},"excerpt":{"rendered":"<p>JobManiac este o agen\u021bie de recrutare \u0219i deta\u0219are de personal, cu o echip\u0103 t\u00e2n\u0103r\u0103 \u0219i dinamic\u0103, ce opereaz\u0103 la nivel na\u021bional \u0219i regional. \u00cenfiin\u021bat\u0103 la 25 octombrie 2012 de Willem Faasse, care dorea s\u0103 \u00ee\u0219i aduc\u0103 propria contribu\u021bie la pia\u021ba de munc\u0103 olandez\u0103, compania a devenit un juc\u0103tor important pe pie\u021bele de angajare temporar\u0103 \u0219i [&hellip;]<\/p>\n","protected":false},"author":1,"featured_media":0,"parent":0,"menu_order":0,"comment_status":"closed","ping_status":"closed","template":"","meta":{"_acf_changed":false,"footnotes":""},"class_list":["post-623","page","type-page","status-publish","hentry"],"acf":[],"yoast_head":"<!-- This site is optimized with the Yoast SEO plugin v24.6 - https:\/\/yoast.com\/wordpress\/plugins\/seo\/ -->\n<title>Echipa noastr\u0103 - JobManiac<\/title>\n<meta name=\"description\" content=\"Informatie over\" \/>\n<meta name=\"robots\" content=\"index, follow, max-snippet:-1, max-image-preview:large, max-video-preview:-1\" \/>\n<link rel=\"canonical\" href=\"https:\/\/www.jobmaniac.nl\/ro\/ons-team\/\" \/>\n<meta property=\"og:locale\" content=\"ro_RO\" \/>\n<meta property=\"og:type\" content=\"article\" \/>\n<meta property=\"og:title\" content=\"Echipa noastr\u0103 - JobManiac\" \/>\n<meta property=\"og:description\" content=\"Informatie over\" \/>\n<meta property=\"og:url\" content=\"https:\/\/www.jobmaniac.nl\/ro\/ons-team\/\" \/>\n<meta property=\"og:site_name\" content=\"JobManiac\" \/>\n<meta property=\"article:publisher\" content=\"https:\/\/www.facebook.com\/jobmaniac\/\" \/>\n<meta property=\"article:modified_time\" content=\"2025-09-08T12:30:32+00:00\" \/>\n<meta name=\"twitter:card\" content=\"summary_large_image\" \/>\n<script type=\"application\/ld+json\" class=\"yoast-schema-graph\">{\"@context\":\"https:\/\/schema.org\",\"@graph\":[{\"@type\":\"WebPage\",\"@id\":\"https:\/\/www.jobmaniac.nl\/ro\/ons-team\/\",\"url\":\"https:\/\/www.jobmaniac.nl\/ro\/ons-team\/\",\"name\":\"Echipa noastr\u0103 - JobManiac\",\"isPartOf\":{\"@id\":\"https:\/\/www.jobmaniac.nl\/#website\"},\"datePublished\":\"2016-08-10T08:48:04+00:00\",\"dateModified\":\"2025-09-08T12:30:32+00:00\",\"description\":\"Informatie over\",\"breadcrumb\":{\"@id\":\"https:\/\/www.jobmaniac.nl\/ro\/ons-team\/#breadcrumb\"},\"inLanguage\":\"ro-RO\",\"potentialAction\":[{\"@type\":\"ReadAction\",\"target\":[\"https:\/\/www.jobmaniac.nl\/ro\/ons-team\/\"]}]},{\"@type\":\"BreadcrumbList\",\"@id\":\"https:\/\/www.jobmaniac.nl\/ro\/ons-team\/#breadcrumb\",\"itemListElement\":[{\"@type\":\"ListItem\",\"position\":1,\"name\":\"Home\",\"item\":\"https:\/\/www.jobmaniac.nl\/ro\/\"},{\"@type\":\"ListItem\",\"position\":2,\"name\":\"Echipa noastr\u0103\"}]},{\"@type\":\"WebSite\",\"@id\":\"https:\/\/www.jobmaniac.nl\/#website\",\"url\":\"https:\/\/www.jobmaniac.nl\/\",\"name\":\"JobManiac\",\"description\":\"\",\"publisher\":{\"@id\":\"https:\/\/www.jobmaniac.nl\/#organization\"},\"potentialAction\":[{\"@type\":\"SearchAction\",\"target\":{\"@type\":\"EntryPoint\",\"urlTemplate\":\"https:\/\/www.jobmaniac.nl\/?s={search_term_string}\"},\"query-input\":{\"@type\":\"PropertyValueSpecification\",\"valueRequired\":true,\"valueName\":\"search_term_string\"}}],\"inLanguage\":\"ro-RO\"},{\"@type\":\"Organization\",\"@id\":\"https:\/\/www.jobmaniac.nl\/#organization\",\"name\":\"JobManiac B.V.\",\"url\":\"https:\/\/www.jobmaniac.nl\/\",\"logo\":{\"@type\":\"ImageObject\",\"inLanguage\":\"ro-RO\",\"@id\":\"https:\/\/www.jobmaniac.nl\/#\/schema\/logo\/image\/\",\"url\":\"\",\"contentUrl\":\"\",\"caption\":\"JobManiac B.V.\"},\"image\":{\"@id\":\"https:\/\/www.jobmaniac.nl\/#\/schema\/logo\/image\/\"},\"sameAs\":[\"https:\/\/www.facebook.com\/jobmaniac\/\",\"https:\/\/www.linkedin.com\/company\/jobmaniac-b-v-\"]}]}<\/script>\n<!-- \/ Yoast SEO plugin. -->","yoast_head_json":{"title":"Echipa noastr\u0103 - JobManiac","description":"Informatie over","robots":{"index":"index","follow":"follow","max-snippet":"max-snippet:-1","max-image-preview":"max-image-preview:large","max-video-preview":"max-video-preview:-1"},"canonical":"https:\/\/www.jobmaniac.nl\/ro\/ons-team\/","og_locale":"ro_RO","og_type":"article","og_title":"Echipa noastr\u0103 - JobManiac","og_description":"Informatie over","og_url":"https:\/\/www.jobmaniac.nl\/ro\/ons-team\/","og_site_name":"JobManiac","article_publisher":"https:\/\/www.facebook.com\/jobmaniac\/","article_modified_time":"2025-09-08T12:30:32+00:00","twitter_card":"summary_large_image","schema":{"@context":"https:\/\/schema.org","@graph":[{"@type":"WebPage","@id":"https:\/\/www.jobmaniac.nl\/ro\/ons-team\/","url":"https:\/\/www.jobmaniac.nl\/ro\/ons-team\/","name":"Echipa noastr\u0103 - JobManiac","isPartOf":{"@id":"https:\/\/www.jobmaniac.nl\/#website"},"datePublished":"2016-08-10T08:48:04+00:00","dateModified":"2025-09-08T12:30:32+00:00","description":"Informatie over","breadcrumb":{"@id":"https:\/\/www.jobmaniac.nl\/ro\/ons-team\/#breadcrumb"},"inLanguage":"ro-RO","potentialAction":[{"@type":"ReadAction","target":["https:\/\/www.jobmaniac.nl\/ro\/ons-team\/"]}]},{"@type":"BreadcrumbList","@id":"https:\/\/www.jobmaniac.nl\/ro\/ons-team\/#breadcrumb","itemListElement":[{"@type":"ListItem","position":1,"name":"Home","item":"https:\/\/www.jobmaniac.nl\/ro\/"},{"@type":"ListItem","position":2,"name":"Echipa noastr\u0103"}]},{"@type":"WebSite","@id":"https:\/\/www.jobmaniac.nl\/#website","url":"https:\/\/www.jobmaniac.nl\/","name":"JobManiac","description":"","publisher":{"@id":"https:\/\/www.jobmaniac.nl\/#organization"},"potentialAction":[{"@type":"SearchAction","target":{"@type":"EntryPoint","urlTemplate":"https:\/\/www.jobmaniac.nl\/?s={search_term_string}"},"query-input":{"@type":"PropertyValueSpecification","valueRequired":true,"valueName":"search_term_string"}}],"inLanguage":"ro-RO"},{"@type":"Organization","@id":"https:\/\/www.jobmaniac.nl\/#organization","name":"JobManiac B.V.","url":"https:\/\/www.jobmaniac.nl\/","logo":{"@type":"ImageObject","inLanguage":"ro-RO","@id":"https:\/\/www.jobmaniac.nl\/#\/schema\/logo\/image\/","url":"","contentUrl":"","caption":"JobManiac B.V."},"image":{"@id":"https:\/\/www.jobmaniac.nl\/#\/schema\/logo\/image\/"},"sameAs":["https:\/\/www.facebook.com\/jobmaniac\/","https:\/\/www.linkedin.com\/company\/jobmaniac-b-v-"]}]}},"_links":{"self":[{"href":"https:\/\/www.jobmaniac.nl\/ro\/wp-json\/wp\/v2\/pages\/623","targetHints":{"allow":["GET"]}}],"collection":[{"href":"https:\/\/www.jobmaniac.nl\/ro\/wp-json\/wp\/v2\/pages"}],"about":[{"href":"https:\/\/www.jobmaniac.nl\/ro\/wp-json\/wp\/v2\/types\/page"}],"author":[{"embeddable":true,"href":"https:\/\/www.jobmaniac.nl\/ro\/wp-json\/wp\/v2\/users\/1"}],"replies":[{"embeddable":true,"href":"https:\/\/www.jobmaniac.nl\/ro\/wp-json\/wp\/v2\/comments?post=623"}],"version-history":[{"count":20,"href":"https:\/\/www.jobmaniac.nl\/ro\/wp-json\/wp\/v2\/pages\/623\/revisions"}],"predecessor-version":[{"id":2934,"href":"https:\/\/www.jobmaniac.nl\/ro\/wp-json\/wp\/v2\/pages\/623\/revisions\/2934"}],"wp:attachment":[{"href":"https:\/\/www.jobmaniac.nl\/ro\/wp-json\/wp\/v2\/media?parent=623"}],"curies":[{"name":"wp","href":"https:\/\/api.w.org\/{rel}","templated":true}]}}