{"id":642,"date":"2016-08-09T15:40:56","date_gmt":"2016-08-09T13:40:56","guid":{"rendered":"https:\/\/www.jobmaniac.nl\/voorbeeld-pagina\/"},"modified":"2018-02-07T15:55:34","modified_gmt":"2018-02-07T14:55:34","slug":"voorbeeld-pagina","status":"publish","type":"page","link":"https:\/\/www.jobmaniac.nl\/pl\/","title":{"rendered":"Szukasz pasuj\u0105cej do Ciebie pracy o elastycznym charakterze?"},"content":{"rendered":"<p class=\"inleiding\">Nie masz pracy lub zako\u0144czy\u0142e\u015b(-\u0142a\u015b) w\u0142a\u015bnie wsp\u00f3\u0142prac\u0119 z dotychczasowym pracodawc\u0105? Lubisz r\u00f3\u017cnorodno\u015b\u0107 w pracy? Szukasz osobistego podej\u015bcia i w\u0142a\u015bciwej obs\u0142ugi?<\/p>\n<p>Nasza jako\u015b\u0107 i osobiste podej\u015bcie s\u0105 nasz\u0105 si\u0142\u0105! Rozumiemy przez to, \u017ce fundamentem naszego sposobu dzia\u0142ania jest uczciwe i transparentne po\u015brednictwo pracy.<\/p>\n<p>Podczas osobistej rozmowy mo\u017cemy om\u00f3wi\u0107 wszystkie Twoje \u017cyczenia. Po zebraniu potrzebnych informacji Twoja osoba do kontaktu z zespo\u0142u JobManiac B.V. wsp\u00f3lnie z Tob\u0105 sprawdzi, jaki rodzaj pracy najlepiej b\u0119dzie pasowa\u0107 do Twoich wymaga\u0144 i oczekiwa\u0144.<\/p>\n<span class=\"collapseomatic \" id=\"id6a01c0bc5d08b\"  tabindex=\"0\" title=\"Dowiedz si\u0119 wi\u0119cej\"    >Dowiedz si\u0119 wi\u0119cej<\/span><div id=\"target-id6a01c0bc5d08b\" class=\"collapseomatic_content \"><p>Po takiej rozmowie wst\u0119pnej od razu rozpoczynamy szukanie dla Ciebie nowej pracy i odpowiedniego pracodawcy! Dzi\u0119ki temu sposobowi dzia\u0142ania atmosfera pomi\u0119dzy pracodawc\u0105 a pracownikiem pozostaje przyjacielska i mi\u0142a. Taki w\u0142a\u015bnie cel chc\u0105 przecie\u017c osi\u0105gn\u0105\u0107 obie strony.<\/p>\n<p>JobManiac dysponuje ofertami pracy w r\u00f3\u017cnych bran\u017cach, takich jak:<\/p>\n<ul>\n<li>roboty budowlane ziemne, drogowe i wodne;<\/li>\n<li>roboty budowlane przy stanie surowym, w nowym budownictwie, przy odbudowach i renowacjach;<\/li>\n<li>utrzymanie i tworzenie zieleni;<\/li>\n<li>sektor przemys\u0142owy;<\/li>\n<li>bran\u017ca techniczna i metalowa.<\/li>\n<\/ul>\n<p>A co, je\u017celi oka\u017ce si\u0119, \u017ce praca, do jakiej zosta\u0142e\u015b(-\u0142a\u015b) oddelegowany(-a) nie spe\u0142nia Twoich wymaga\u0144? W\u00f3wczas w porozumieniu ze zleceniodawc\u0105 niezw\u0142ocznie poszukamy Ci innego miejsca pracy!<\/p>\n<p>Dlaczego warto pracowa\u0107 w JobManiac?<\/p>\n<ul>\n<li>Osobiste relacje w znaczeniu og\u00f3lnym<\/li>\n<li>1 osoba do kontaktu przypisana ka\u017cdemu pracownikowi<\/li>\n<li>Dost\u0119pno\u015b\u0107 przez 24 godziny na dob\u0119<\/li>\n<li>Gwarancja zatrudnienia w bardzo kr\u00f3tkim czasie<\/li>\n<li>Jako\u015b\u0107 naszych zleceniodawc\u00f3w<\/li>\n<li>Transparentne po\u015brednictwo<\/li>\n<li>Brak bezsensownych dzia\u0142a\u0144, natychmiastowe powi\u0105zywanie z pracodawcami<\/li>\n<\/ul>\n<p>Masz ochot\u0119 wzmocni\u0107 nasz zesp\u00f3\u0142?<br \/>\n<a href=\"https:\/\/www.jobmaniac.nl\/contact\/?lang=pl\"><strong>Skontaktuj si\u0119<\/strong><\/a> z nami jak najszybciej!<\/p>\n<\/div>\n<div class=\"clear\"><\/div>\n<h1>Jeste\u015b przedsi\u0119biorc\u0105 i szukasz odpowiednich, wydajnych i elastycznych pracownik\u00f3w?<\/h1>\n<p>Te\u017c odczuwasz uci\u0105\u017cliwo\u015bci w zwi\u0105zku z okresami du\u017cego nat\u0119\u017cenia pracy i momentami, gdy produkcja w Twojej firmie znacznie spada? A mo\u017ce masz problemy, poniewa\u017c jeden z Twoich pracownik\u00f3w jest nieobecny z powodu choroby? Szukasz w\u0142a\u015bciwego rozwi\u0105zania w tym zakresie?<\/p>\n<p>Wa\u017cne jest, by uzyska\u0107 dok\u0142adn\u0105 wiedz\u0119 na temat \u017cycze\u0144 i oczekiwa\u0144 naszych zleceniodawc\u00f3w. Dlatego te\u017c ch\u0119tnie przyje\u017cd\u017camy do naszych klient\u00f3w, by pozna\u0107 ich firm\u0119 i om\u00f3wi\u0107 z nimi ich wymagania.<\/p>\n<p>Dzi\u0119ki przeprowadzeniu wsp\u00f3lnie z klientem w trakcie rozmowy kr\u00f3tkiej procedury jeste\u015bmy w stanie w nied\u0142ugim czasie zaproponowa\u0107 mu odpowiedniego kandydata. Je\u017celi mamy do czynienia z pilnym zapytaniem i nie ma czasu na \u017cadne procedury, to r\u00f3wnie\u017c nie ma problemu! Firma JobManiac jest dost\u0119pna przez 24 godziny na dob\u0119 i jest w stanie w bardzo kr\u00f3tkim czasie wys\u0142a\u0107 pracownik\u00f3w do siedziby swojego klienta.<\/p>\n<span class=\"collapseomatic \" id=\"id6a01c0bc5dfd8\"  tabindex=\"0\" title=\"Dowiedz si\u0119 wi\u0119cej\"    >Dowiedz si\u0119 wi\u0119cej<\/span><div id=\"target-id6a01c0bc5dfd8\" class=\"collapseomatic_content \"><p>Procedura:<br \/>\nZe zleceniodawc\u0105:<\/p>\n<ul>\n<li>Zapoznanie si\u0119 z Twoj\u0105 firm\u0105<\/li>\n<li>Okre\u015blenie Twoich \u017cycze\u0144\/wymog\u00f3w<\/li>\n<\/ul>\n<p>JobManiac B.V.:<\/p>\n<ul>\n<li>Pewna i skuteczna rekrutacja i selekcja<\/li>\n<li>Propozycja u zleceniodawcy<\/li>\n<li>Oddelegowanie<\/li>\n<li>Regulowanie spraw biurowych (administracyjnych)<\/li>\n<\/ul>\n<p>JobManiac zajmie si\u0119 kwesti\u0105 oddelegowania swoich pracownik\u00f3w od a do z. Wszyscy nasi pracownicy maj\u0105 zapewniony transport, narz\u0119dzia i odzie\u017c robocz\u0105 oraz posiadaj\u0105 oczywi\u015bcie odpowiedni\u0105 wiedz\u0119 fachow\u0105. Tak\u017ce bezpiecze\u0144stwo znajduje si\u0119 w JobManiac wysoko na li\u015bcie priorytet\u00f3w, dzi\u0119ki czemu nasz personel zawsze stosuje odpowiednie \u015brodki ochrony indywidualnej. Jako zleceniodawca nie b\u0119dziesz musia\u0142 si\u0119 o to martwi\u0107.<\/p>\n<p>JobManiac deleguje pracownik\u00f3w do pracy w r\u00f3\u017cnych dziedzinach, takich jak:<\/p>\n<ul>\n<li>roboty budowlane ziemne, drogowe i wodne;<\/li>\n<li>roboty budowlane przy stanie surowym, w nowym budownictwie, przy odbudowach i renowacjach;<\/li>\n<li>utrzymanie i tworzenie zieleni;<\/li>\n<li>sektor przemys\u0142owy;<\/li>\n<li>bran\u017ca techniczna i metalowa.<\/li>\n<\/ul>\n<p>Dzi\u0119ki naszej pewnej i skutecznej rekrutacji i selekcji w 100% r\u0119czymy za naszych pracownik\u00f3w. A co, je\u017celi niespodziewanie oka\u017ce si\u0119, \u017ce dany kandydat absolutnie nie pasuje do Twojej firmy? Nie ma najmniejszego problemu! B\u0119dziemy dalej szuka\u0107 w\u0142a\u015bciwej osoby do Twojego zespo\u0142u!<\/p>\n<p>Co wyr\u00f3\u017cnia agencj\u0119 JobManiac?<\/p>\n<ul>\n<li>Osobiste relacje w znaczeniu og\u00f3lnym<\/li>\n<li>1 osoba do kontaktu wyznaczona ka\u017cdemu pracownikowi<\/li>\n<li>Dost\u0119pno\u015b\u0107 przez 24 godziny na dob\u0119<\/li>\n<li>Gwarancja oddelegowania pracownika w kr\u00f3tkim czasie<\/li>\n<li>Jako\u015b\u0107 naszych fachowc\u00f3w<\/li>\n<li>Transparentne po\u015brednictwo<\/li>\n<li>Brak bezsensownych dzia\u0142a\u0144, natychmiastowe powi\u0105zywanie z pracownikami<\/li>\n<\/ul>\n<p>Czy tego w\u0142a\u015bnie szukasz?\u00a0<a href=\"https:\/\/www.jobmaniac.nl\/contact\/?lang=pl\"><strong>Skontaktuj si\u0119<\/strong><\/a> z nami jak najszybciej!<\/p>\n<\/div>\n","protected":false},"excerpt":{"rendered":"<p>Nasza jako\u015b\u0107 i osobiste podej\u015bcie s\u0105 nasz\u0105 si\u0142\u0105! Rozumiemy przez to, \u017ce fundamentem naszego sposobu dzia\u0142ania jest uczciwe i transparentne po\u015brednictwo pracy. Podczas osobistej rozmowy mo\u017cemy om\u00f3wi\u0107 wszystkie Twoje \u017cyczenia. Po zebraniu potrzebnych informacji Twoja osoba do kontaktu z zespo\u0142u JobManiac B.V. wsp\u00f3lnie z Tob\u0105 sprawdzi, jaki rodzaj pracy najlepiej b\u0119dzie pasowa\u0107 do Twoich wymaga\u0144 [&hellip;]<\/p>\n","protected":false},"author":1,"featured_media":0,"parent":0,"menu_order":0,"comment_status":"closed","ping_status":"closed","template":"","meta":{"_acf_changed":false,"footnotes":""},"class_list":["post-642","page","type-page","status-publish","hentry"],"acf":[],"yoast_head":"<!-- This site is optimized with the Yoast SEO plugin v24.6 - https:\/\/yoast.com\/wordpress\/plugins\/seo\/ -->\n<title>Szukasz pasuj\u0105cej do Ciebie pracy o elastycznym charakterze? - JobManiac<\/title>\n<meta name=\"description\" content=\"Informatie over\" \/>\n<meta name=\"robots\" content=\"index, follow, max-snippet:-1, max-image-preview:large, max-video-preview:-1\" \/>\n<link rel=\"canonical\" href=\"https:\/\/www.jobmaniac.nl\/pl\/\" \/>\n<meta property=\"og:locale\" content=\"pl_PL\" \/>\n<meta property=\"og:type\" content=\"article\" \/>\n<meta property=\"og:title\" content=\"Szukasz pasuj\u0105cej do Ciebie pracy o elastycznym charakterze? - JobManiac\" \/>\n<meta property=\"og:description\" content=\"Informatie over\" \/>\n<meta property=\"og:url\" content=\"https:\/\/www.jobmaniac.nl\/pl\/\" \/>\n<meta property=\"og:site_name\" content=\"JobManiac\" \/>\n<meta property=\"article:publisher\" content=\"https:\/\/www.facebook.com\/jobmaniac\/\" \/>\n<meta property=\"article:modified_time\" content=\"2018-02-07T14:55:34+00:00\" \/>\n<meta name=\"twitter:card\" content=\"summary_large_image\" \/>\n<meta name=\"twitter:label1\" content=\"Szacowany czas czytania\" \/>\n\t<meta name=\"twitter:data1\" content=\"4 minuty\" \/>\n<script type=\"application\/ld+json\" class=\"yoast-schema-graph\">{\"@context\":\"https:\/\/schema.org\",\"@graph\":[{\"@type\":\"WebPage\",\"@id\":\"https:\/\/www.jobmaniac.nl\/pl\/\",\"url\":\"https:\/\/www.jobmaniac.nl\/pl\/\",\"name\":\"Szukasz pasuj\u0105cej do Ciebie pracy o elastycznym charakterze? - JobManiac\",\"isPartOf\":{\"@id\":\"https:\/\/www.jobmaniac.nl\/#website\"},\"datePublished\":\"2016-08-09T13:40:56+00:00\",\"dateModified\":\"2018-02-07T14:55:34+00:00\",\"description\":\"Informatie over\",\"breadcrumb\":{\"@id\":\"https:\/\/www.jobmaniac.nl\/pl\/#breadcrumb\"},\"inLanguage\":\"pl-PL\",\"potentialAction\":[{\"@type\":\"ReadAction\",\"target\":[\"https:\/\/www.jobmaniac.nl\/pl\/\"]}]},{\"@type\":\"BreadcrumbList\",\"@id\":\"https:\/\/www.jobmaniac.nl\/pl\/#breadcrumb\",\"itemListElement\":[{\"@type\":\"ListItem\",\"position\":1,\"name\":\"Home\",\"item\":\"https:\/\/www.jobmaniac.nl\/pl\/\"},{\"@type\":\"ListItem\",\"position\":2,\"name\":\"Szukasz pasuj\u0105cej do Ciebie pracy o elastycznym charakterze?\"}]},{\"@type\":\"WebSite\",\"@id\":\"https:\/\/www.jobmaniac.nl\/#website\",\"url\":\"https:\/\/www.jobmaniac.nl\/\",\"name\":\"JobManiac\",\"description\":\"\",\"publisher\":{\"@id\":\"https:\/\/www.jobmaniac.nl\/#organization\"},\"potentialAction\":[{\"@type\":\"SearchAction\",\"target\":{\"@type\":\"EntryPoint\",\"urlTemplate\":\"https:\/\/www.jobmaniac.nl\/?s={search_term_string}\"},\"query-input\":{\"@type\":\"PropertyValueSpecification\",\"valueRequired\":true,\"valueName\":\"search_term_string\"}}],\"inLanguage\":\"pl-PL\"},{\"@type\":\"Organization\",\"@id\":\"https:\/\/www.jobmaniac.nl\/#organization\",\"name\":\"JobManiac B.V.\",\"url\":\"https:\/\/www.jobmaniac.nl\/\",\"logo\":{\"@type\":\"ImageObject\",\"inLanguage\":\"pl-PL\",\"@id\":\"https:\/\/www.jobmaniac.nl\/#\/schema\/logo\/image\/\",\"url\":\"\",\"contentUrl\":\"\",\"caption\":\"JobManiac B.V.\"},\"image\":{\"@id\":\"https:\/\/www.jobmaniac.nl\/#\/schema\/logo\/image\/\"},\"sameAs\":[\"https:\/\/www.facebook.com\/jobmaniac\/\",\"https:\/\/www.linkedin.com\/company\/jobmaniac-b-v-\"]}]}<\/script>\n<!-- \/ Yoast SEO plugin. -->","yoast_head_json":{"title":"Szukasz pasuj\u0105cej do Ciebie pracy o elastycznym charakterze? - JobManiac","description":"Informatie over","robots":{"index":"index","follow":"follow","max-snippet":"max-snippet:-1","max-image-preview":"max-image-preview:large","max-video-preview":"max-video-preview:-1"},"canonical":"https:\/\/www.jobmaniac.nl\/pl\/","og_locale":"pl_PL","og_type":"article","og_title":"Szukasz pasuj\u0105cej do Ciebie pracy o elastycznym charakterze? - JobManiac","og_description":"Informatie over","og_url":"https:\/\/www.jobmaniac.nl\/pl\/","og_site_name":"JobManiac","article_publisher":"https:\/\/www.facebook.com\/jobmaniac\/","article_modified_time":"2018-02-07T14:55:34+00:00","twitter_card":"summary_large_image","twitter_misc":{"Szacowany czas czytania":"4 minuty"},"schema":{"@context":"https:\/\/schema.org","@graph":[{"@type":"WebPage","@id":"https:\/\/www.jobmaniac.nl\/pl\/","url":"https:\/\/www.jobmaniac.nl\/pl\/","name":"Szukasz pasuj\u0105cej do Ciebie pracy o elastycznym charakterze? - JobManiac","isPartOf":{"@id":"https:\/\/www.jobmaniac.nl\/#website"},"datePublished":"2016-08-09T13:40:56+00:00","dateModified":"2018-02-07T14:55:34+00:00","description":"Informatie over","breadcrumb":{"@id":"https:\/\/www.jobmaniac.nl\/pl\/#breadcrumb"},"inLanguage":"pl-PL","potentialAction":[{"@type":"ReadAction","target":["https:\/\/www.jobmaniac.nl\/pl\/"]}]},{"@type":"BreadcrumbList","@id":"https:\/\/www.jobmaniac.nl\/pl\/#breadcrumb","itemListElement":[{"@type":"ListItem","position":1,"name":"Home","item":"https:\/\/www.jobmaniac.nl\/pl\/"},{"@type":"ListItem","position":2,"name":"Szukasz pasuj\u0105cej do Ciebie pracy o elastycznym charakterze?"}]},{"@type":"WebSite","@id":"https:\/\/www.jobmaniac.nl\/#website","url":"https:\/\/www.jobmaniac.nl\/","name":"JobManiac","description":"","publisher":{"@id":"https:\/\/www.jobmaniac.nl\/#organization"},"potentialAction":[{"@type":"SearchAction","target":{"@type":"EntryPoint","urlTemplate":"https:\/\/www.jobmaniac.nl\/?s={search_term_string}"},"query-input":{"@type":"PropertyValueSpecification","valueRequired":true,"valueName":"search_term_string"}}],"inLanguage":"pl-PL"},{"@type":"Organization","@id":"https:\/\/www.jobmaniac.nl\/#organization","name":"JobManiac B.V.","url":"https:\/\/www.jobmaniac.nl\/","logo":{"@type":"ImageObject","inLanguage":"pl-PL","@id":"https:\/\/www.jobmaniac.nl\/#\/schema\/logo\/image\/","url":"","contentUrl":"","caption":"JobManiac B.V."},"image":{"@id":"https:\/\/www.jobmaniac.nl\/#\/schema\/logo\/image\/"},"sameAs":["https:\/\/www.facebook.com\/jobmaniac\/","https:\/\/www.linkedin.com\/company\/jobmaniac-b-v-"]}]}},"_links":{"self":[{"href":"https:\/\/www.jobmaniac.nl\/pl\/wp-json\/wp\/v2\/pages\/642","targetHints":{"allow":["GET"]}}],"collection":[{"href":"https:\/\/www.jobmaniac.nl\/pl\/wp-json\/wp\/v2\/pages"}],"about":[{"href":"https:\/\/www.jobmaniac.nl\/pl\/wp-json\/wp\/v2\/types\/page"}],"author":[{"embeddable":true,"href":"https:\/\/www.jobmaniac.nl\/pl\/wp-json\/wp\/v2\/users\/1"}],"replies":[{"embeddable":true,"href":"https:\/\/www.jobmaniac.nl\/pl\/wp-json\/wp\/v2\/comments?post=642"}],"version-history":[{"count":3,"href":"https:\/\/www.jobmaniac.nl\/pl\/wp-json\/wp\/v2\/pages\/642\/revisions"}],"predecessor-version":[{"id":998,"href":"https:\/\/www.jobmaniac.nl\/pl\/wp-json\/wp\/v2\/pages\/642\/revisions\/998"}],"wp:attachment":[{"href":"https:\/\/www.jobmaniac.nl\/pl\/wp-json\/wp\/v2\/media?parent=642"}],"curies":[{"name":"wp","href":"https:\/\/api.w.org\/{rel}","templated":true}]}}