{"id":621,"date":"2016-08-10T10:48:04","date_gmt":"2016-08-10T08:48:04","guid":{"rendered":"https:\/\/www.jobmaniac.nl\/ons-team\/"},"modified":"2025-09-08T14:29:55","modified_gmt":"2025-09-08T12:29:55","slug":"ons-team","status":"publish","type":"page","link":"https:\/\/www.jobmaniac.nl\/fr\/ons-team\/","title":{"rendered":"Notre \u00e9quipe"},"content":{"rendered":"<p>Jeune entreprise dynamique, JobManiac est une agence d\u2019int\u00e9rim et de d\u00e9tachement \u00e0 l\u2019\u00e9chelle nationale, mais aussi r\u00e9gionale. Cette entreprise a \u00e9t\u00e9 fond\u00e9e le 25\u00a0octobre 2012 par Willem Faasse, avec pour mission d\u2019apporter sa contribution au march\u00e9 n\u00e9erlandais du travail. Depuis, JobManiac est devenu un acteur important sur le march\u00e9 de l\u2019int\u00e9rim et du d\u00e9tachement.<\/p>\n","protected":false},"excerpt":{"rendered":"<p>Jeune entreprise dynamique, JobManiac est une agence d\u2019int\u00e9rim et de d\u00e9tachement \u00e0 l\u2019\u00e9chelle nationale, mais aussi r\u00e9gionale. Cette entreprise a \u00e9t\u00e9 fond\u00e9e le 25\u00a0octobre 2012 par Willem Faasse, avec pour mission d\u2019apporter sa contribution au march\u00e9 n\u00e9erlandais du travail. Depuis, JobManiac est devenu un acteur important sur le march\u00e9 de l\u2019int\u00e9rim et du d\u00e9tachement.<\/p>\n","protected":false},"author":1,"featured_media":0,"parent":0,"menu_order":0,"comment_status":"closed","ping_status":"closed","template":"","meta":{"_acf_changed":false,"footnotes":""},"class_list":["post-621","page","type-page","status-publish","hentry"],"acf":[],"yoast_head":"<!-- This site is optimized with the Yoast SEO plugin v24.6 - https:\/\/yoast.com\/wordpress\/plugins\/seo\/ -->\n<title>Notre \u00e9quipe - JobManiac<\/title>\n<meta name=\"description\" content=\"Informatie over\" \/>\n<meta name=\"robots\" content=\"index, follow, max-snippet:-1, max-image-preview:large, max-video-preview:-1\" \/>\n<link rel=\"canonical\" href=\"https:\/\/www.jobmaniac.nl\/fr\/ons-team\/\" \/>\n<meta property=\"og:locale\" content=\"fr_FR\" \/>\n<meta property=\"og:type\" content=\"article\" \/>\n<meta property=\"og:title\" content=\"Notre \u00e9quipe - JobManiac\" \/>\n<meta property=\"og:description\" content=\"Informatie over\" \/>\n<meta property=\"og:url\" content=\"https:\/\/www.jobmaniac.nl\/fr\/ons-team\/\" \/>\n<meta property=\"og:site_name\" content=\"JobManiac\" \/>\n<meta property=\"article:publisher\" content=\"https:\/\/www.facebook.com\/jobmaniac\/\" \/>\n<meta property=\"article:modified_time\" content=\"2025-09-08T12:29:55+00:00\" \/>\n<meta name=\"twitter:card\" content=\"summary_large_image\" \/>\n<script type=\"application\/ld+json\" class=\"yoast-schema-graph\">{\"@context\":\"https:\/\/schema.org\",\"@graph\":[{\"@type\":\"WebPage\",\"@id\":\"https:\/\/www.jobmaniac.nl\/fr\/ons-team\/\",\"url\":\"https:\/\/www.jobmaniac.nl\/fr\/ons-team\/\",\"name\":\"Notre \u00e9quipe - JobManiac\",\"isPartOf\":{\"@id\":\"https:\/\/www.jobmaniac.nl\/#website\"},\"datePublished\":\"2016-08-10T08:48:04+00:00\",\"dateModified\":\"2025-09-08T12:29:55+00:00\",\"description\":\"Informatie over\",\"breadcrumb\":{\"@id\":\"https:\/\/www.jobmaniac.nl\/fr\/ons-team\/#breadcrumb\"},\"inLanguage\":\"fr-FR\",\"potentialAction\":[{\"@type\":\"ReadAction\",\"target\":[\"https:\/\/www.jobmaniac.nl\/fr\/ons-team\/\"]}]},{\"@type\":\"BreadcrumbList\",\"@id\":\"https:\/\/www.jobmaniac.nl\/fr\/ons-team\/#breadcrumb\",\"itemListElement\":[{\"@type\":\"ListItem\",\"position\":1,\"name\":\"Home\",\"item\":\"https:\/\/www.jobmaniac.nl\/fr\/\"},{\"@type\":\"ListItem\",\"position\":2,\"name\":\"Notre \u00e9quipe\"}]},{\"@type\":\"WebSite\",\"@id\":\"https:\/\/www.jobmaniac.nl\/#website\",\"url\":\"https:\/\/www.jobmaniac.nl\/\",\"name\":\"JobManiac\",\"description\":\"\",\"publisher\":{\"@id\":\"https:\/\/www.jobmaniac.nl\/#organization\"},\"potentialAction\":[{\"@type\":\"SearchAction\",\"target\":{\"@type\":\"EntryPoint\",\"urlTemplate\":\"https:\/\/www.jobmaniac.nl\/?s={search_term_string}\"},\"query-input\":{\"@type\":\"PropertyValueSpecification\",\"valueRequired\":true,\"valueName\":\"search_term_string\"}}],\"inLanguage\":\"fr-FR\"},{\"@type\":\"Organization\",\"@id\":\"https:\/\/www.jobmaniac.nl\/#organization\",\"name\":\"JobManiac B.V.\",\"url\":\"https:\/\/www.jobmaniac.nl\/\",\"logo\":{\"@type\":\"ImageObject\",\"inLanguage\":\"fr-FR\",\"@id\":\"https:\/\/www.jobmaniac.nl\/#\/schema\/logo\/image\/\",\"url\":\"\",\"contentUrl\":\"\",\"caption\":\"JobManiac B.V.\"},\"image\":{\"@id\":\"https:\/\/www.jobmaniac.nl\/#\/schema\/logo\/image\/\"},\"sameAs\":[\"https:\/\/www.facebook.com\/jobmaniac\/\",\"https:\/\/www.linkedin.com\/company\/jobmaniac-b-v-\"]}]}<\/script>\n<!-- \/ Yoast SEO plugin. -->","yoast_head_json":{"title":"Notre \u00e9quipe - JobManiac","description":"Informatie over","robots":{"index":"index","follow":"follow","max-snippet":"max-snippet:-1","max-image-preview":"max-image-preview:large","max-video-preview":"max-video-preview:-1"},"canonical":"https:\/\/www.jobmaniac.nl\/fr\/ons-team\/","og_locale":"fr_FR","og_type":"article","og_title":"Notre \u00e9quipe - JobManiac","og_description":"Informatie over","og_url":"https:\/\/www.jobmaniac.nl\/fr\/ons-team\/","og_site_name":"JobManiac","article_publisher":"https:\/\/www.facebook.com\/jobmaniac\/","article_modified_time":"2025-09-08T12:29:55+00:00","twitter_card":"summary_large_image","schema":{"@context":"https:\/\/schema.org","@graph":[{"@type":"WebPage","@id":"https:\/\/www.jobmaniac.nl\/fr\/ons-team\/","url":"https:\/\/www.jobmaniac.nl\/fr\/ons-team\/","name":"Notre \u00e9quipe - JobManiac","isPartOf":{"@id":"https:\/\/www.jobmaniac.nl\/#website"},"datePublished":"2016-08-10T08:48:04+00:00","dateModified":"2025-09-08T12:29:55+00:00","description":"Informatie over","breadcrumb":{"@id":"https:\/\/www.jobmaniac.nl\/fr\/ons-team\/#breadcrumb"},"inLanguage":"fr-FR","potentialAction":[{"@type":"ReadAction","target":["https:\/\/www.jobmaniac.nl\/fr\/ons-team\/"]}]},{"@type":"BreadcrumbList","@id":"https:\/\/www.jobmaniac.nl\/fr\/ons-team\/#breadcrumb","itemListElement":[{"@type":"ListItem","position":1,"name":"Home","item":"https:\/\/www.jobmaniac.nl\/fr\/"},{"@type":"ListItem","position":2,"name":"Notre \u00e9quipe"}]},{"@type":"WebSite","@id":"https:\/\/www.jobmaniac.nl\/#website","url":"https:\/\/www.jobmaniac.nl\/","name":"JobManiac","description":"","publisher":{"@id":"https:\/\/www.jobmaniac.nl\/#organization"},"potentialAction":[{"@type":"SearchAction","target":{"@type":"EntryPoint","urlTemplate":"https:\/\/www.jobmaniac.nl\/?s={search_term_string}"},"query-input":{"@type":"PropertyValueSpecification","valueRequired":true,"valueName":"search_term_string"}}],"inLanguage":"fr-FR"},{"@type":"Organization","@id":"https:\/\/www.jobmaniac.nl\/#organization","name":"JobManiac B.V.","url":"https:\/\/www.jobmaniac.nl\/","logo":{"@type":"ImageObject","inLanguage":"fr-FR","@id":"https:\/\/www.jobmaniac.nl\/#\/schema\/logo\/image\/","url":"","contentUrl":"","caption":"JobManiac B.V."},"image":{"@id":"https:\/\/www.jobmaniac.nl\/#\/schema\/logo\/image\/"},"sameAs":["https:\/\/www.facebook.com\/jobmaniac\/","https:\/\/www.linkedin.com\/company\/jobmaniac-b-v-"]}]}},"_links":{"self":[{"href":"https:\/\/www.jobmaniac.nl\/fr\/wp-json\/wp\/v2\/pages\/621","targetHints":{"allow":["GET"]}}],"collection":[{"href":"https:\/\/www.jobmaniac.nl\/fr\/wp-json\/wp\/v2\/pages"}],"about":[{"href":"https:\/\/www.jobmaniac.nl\/fr\/wp-json\/wp\/v2\/types\/page"}],"author":[{"embeddable":true,"href":"https:\/\/www.jobmaniac.nl\/fr\/wp-json\/wp\/v2\/users\/1"}],"replies":[{"embeddable":true,"href":"https:\/\/www.jobmaniac.nl\/fr\/wp-json\/wp\/v2\/comments?post=621"}],"version-history":[{"count":19,"href":"https:\/\/www.jobmaniac.nl\/fr\/wp-json\/wp\/v2\/pages\/621\/revisions"}],"predecessor-version":[{"id":2932,"href":"https:\/\/www.jobmaniac.nl\/fr\/wp-json\/wp\/v2\/pages\/621\/revisions\/2932"}],"wp:attachment":[{"href":"https:\/\/www.jobmaniac.nl\/fr\/wp-json\/wp\/v2\/media?parent=621"}],"curies":[{"name":"wp","href":"https:\/\/api.w.org\/{rel}","templated":true}]}}